{"id":137,"date":"2025-11-11T13:07:46","date_gmt":"2025-11-11T20:07:46","guid":{"rendered":"https:\/\/besocialplayadelcarmen.mx\/?page_id=137"},"modified":"2026-01-30T12:57:43","modified_gmt":"2026-01-30T19:57:43","slug":"our-collective","status":"publish","type":"page","link":"https:\/\/besocialplayadelcarmen.mx\/es\/our-collective\/","title":{"rendered":"Nuestro colectivo"},"content":{"rendered":"<div data-elementor-type=\"wp-page\" data-elementor-id=\"137\" class=\"elementor elementor-137\">\n\t\t\t\t<div class=\"elementor-element elementor-element-5cc650f e-con-full e-flex e-con e-parent\" data-id=\"5cc650f\" data-element_type=\"container\" data-settings=\"{&quot;background_background&quot;:&quot;classic&quot;}\">\n\t\t<div class=\"elementor-element elementor-element-ba7dcde e-con-full e-flex e-con e-child\" data-id=\"ba7dcde\" data-element_type=\"container\">\n\t\t<div class=\"elementor-element elementor-element-2464398 e-con-full e-flex e-con e-child\" data-id=\"2464398\" data-element_type=\"container\">\n\t\t\t\t<div class=\"elementor-element elementor-element-5a44af8 noSpace elementor-widget elementor-widget-text-editor\" data-id=\"5a44af8\" data-element_type=\"widget\" data-widget_type=\"text-editor.default\">\n\t\t\t\t\t\t\t\t\t<p>Conoce al equipo<\/p>\t\t\t\t\t\t\t\t<\/div>\n\t\t\t\t<div class=\"elementor-element elementor-element-fa973d0 elementor-widget elementor-widget-text-editor\" data-id=\"fa973d0\" data-element_type=\"widget\" data-widget_type=\"text-editor.default\">\n\t\t\t\t\t\t\t\t\tSomos un colectivo de asesores inmobiliarios licenciados por la SEDETUS, que ofrecemos servicios expertos de asesor\u00eda inmobiliaria en Playa del Carmen, Riviera Maya, Quintana Roo. \t\t\t\t\t\t\t\t<\/div>\n\t\t\t\t<\/div>\n\t\t\t\t<\/div>\n\t\t\t\t<\/div>\n\t\t<div class=\"elementor-element elementor-element-67b28297 e-con-full e-flex e-con e-parent\" data-id=\"67b28297\" data-element_type=\"container\">\n\t\t<div class=\"elementor-element elementor-element-622693ca e-con-full imageCard e-flex e-con e-child\" data-id=\"622693ca\" data-element_type=\"container\">\n\t\t<div class=\"elementor-element elementor-element-489bf23b e-con-full e-flex e-con e-child\" data-id=\"489bf23b\" data-element_type=\"container\">\n\t\t\t\t<div class=\"elementor-element elementor-element-5580927f elementor-widget elementor-widget-image\" data-id=\"5580927f\" data-element_type=\"widget\" data-widget_type=\"image.default\">\n\t\t\t\t\t\t\t\t\t\t\t\t\t\t\t<img fetchpriority=\"high\" decoding=\"async\" width=\"350\" height=\"500\" src=\"https:\/\/besocialplayadelcarmen.mx\/wp-content\/uploads\/be_social_pdc-team-laura.webp\" class=\"attachment-large size-large wp-image-143\" alt=\"\" \/>\t\t\t\t\t\t\t\t\t\t\t\t\t\t\t<\/div>\n\t\t\t\t<\/div>\n\t\t<div class=\"elementor-element elementor-element-d08812b e-con-full teamText e-flex e-con e-child\" data-id=\"d08812b\" data-element_type=\"container\">\n\t\t\t\t<div class=\"elementor-element elementor-element-5c6edcac elementor-widget elementor-widget-text-editor\" data-id=\"5c6edcac\" data-element_type=\"widget\" data-widget_type=\"text-editor.default\">\n\t\t\t\t\t\t\t\t\tLaura Torres\t\t\t\t\t\t\t\t<\/div>\n\t\t\t\t<div class=\"elementor-element elementor-element-1a16e3cf elementor-widget elementor-widget-text-editor\" data-id=\"1a16e3cf\" data-element_type=\"widget\" data-widget_type=\"text-editor.default\">\n\t\t\t\t\t\t\t\t\t<strong class=\"mainColor\">Asesora inmobiliaria Certificada<\/strong> | <strong class=\"altColor\">Consultora de turismo y hosteler\u00eda<\/strong>\t\t\t\t\t\t\t\t<\/div>\n\t\t\t\t<div class=\"elementor-element elementor-element-3b471d36 elementor-widget elementor-widget-text-editor\" data-id=\"3b471d36\" data-element_type=\"widget\" data-widget_type=\"text-editor.default\">\n\t\t\t\t\t\t\t\t\t<p>Con m\u00e1s de una d\u00e9cada de experiencia en la Riviera Maya, Laura Torres se especializa en bienes ra\u00edces de lujo, atendiendo a expatriados, viajeros de invierno e inversionistas que buscan oportunidades de alto rendimiento en Playa del Carmen y Tulum.<\/p><p>Adem\u00e1s de su experiencia en bienes ra\u00edces, Laura se desempe\u00f1a como consultora de turismo, hoteler\u00eda y marketing, colaborando con hoteles e industrias orientadas al consumidor para mejorar su presencia digital y la participaci\u00f3n del cliente.<\/p><p>Fuera de sus actividades profesionales, Laura est\u00e1 profundamente comprometida con su comunidad.\u00a0<\/p><p>Es una buceadora PADI certificada y se especializa en los vibrantes arrecifes y cenotes de Playa del Carmen. Su pasi\u00f3n por la vida marina es evidente en sus contribuciones a los esfuerzos de conservaci\u00f3n.\u00a0<\/p><p>Cuando no est\u00e1 buceando, Laura disfruta practicar yoga y pasar tiempo con su comunidad, encarnando el esp\u00edritu de Playa del Carmen tanto a nivel profesional como personal.<\/p>\t\t\t\t\t\t\t\t<\/div>\n\t\t\t\t<\/div>\n\t\t\t\t<\/div>\n\t\t<div class=\"elementor-element elementor-element-50790b94 e-con-full e-flex e-con e-child\" data-id=\"50790b94\" data-element_type=\"container\">\n\t\t\t\t<div class=\"elementor-element elementor-element-4fd32123 elementor-widget-divider--view-line elementor-widget elementor-widget-divider\" data-id=\"4fd32123\" data-element_type=\"widget\" data-widget_type=\"divider.default\">\n\t\t\t\t\t\t\t<div class=\"elementor-divider\">\n\t\t\t<span class=\"elementor-divider-separator\">\n\t\t\t\t\t\t<\/span>\n\t\t<\/div>\n\t\t\t\t\t\t<\/div>\n\t\t\t\t<\/div>\n\t\t\t\t<\/div>\n\t\t\t\t<\/div>","protected":false},"excerpt":{"rendered":"<p>Meet the Team We are a collective of real estate advisors licensed by SEDETUS, offering expert property advisory services in Playa del Carmen, Riviera Maya, Quintana Roo. Laura TorresLicensed Real Estate Advisor | Tourism &amp; Hospitality Consultant With over a decade of experience in the Riviera Maya, Laura Torres specializes in luxury real estate, catering [&hellip;]<\/p>","protected":false},"author":1,"featured_media":0,"parent":0,"menu_order":0,"comment_status":"closed","ping_status":"closed","template":"","meta":{"footnotes":""},"class_list":["post-137","page","type-page","status-publish","hentry"],"_links":{"self":[{"href":"https:\/\/besocialplayadelcarmen.mx\/es\/wp-json\/wp\/v2\/pages\/137","targetHints":{"allow":["GET"]}}],"collection":[{"href":"https:\/\/besocialplayadelcarmen.mx\/es\/wp-json\/wp\/v2\/pages"}],"about":[{"href":"https:\/\/besocialplayadelcarmen.mx\/es\/wp-json\/wp\/v2\/types\/page"}],"author":[{"embeddable":true,"href":"https:\/\/besocialplayadelcarmen.mx\/es\/wp-json\/wp\/v2\/users\/1"}],"replies":[{"embeddable":true,"href":"https:\/\/besocialplayadelcarmen.mx\/es\/wp-json\/wp\/v2\/comments?post=137"}],"version-history":[{"count":11,"href":"https:\/\/besocialplayadelcarmen.mx\/es\/wp-json\/wp\/v2\/pages\/137\/revisions"}],"predecessor-version":[{"id":1441,"href":"https:\/\/besocialplayadelcarmen.mx\/es\/wp-json\/wp\/v2\/pages\/137\/revisions\/1441"}],"wp:attachment":[{"href":"https:\/\/besocialplayadelcarmen.mx\/es\/wp-json\/wp\/v2\/media?parent=137"}],"curies":[{"name":"wp","href":"https:\/\/api.w.org\/{rel}","templated":true}]}}